{"id":9,"date":"2011-09-10T19:46:55","date_gmt":"2011-09-11T02:46:55","guid":{"rendered":"http:\/\/luishmoreno.com\/?page_id=9"},"modified":"2024-11-01T09:56:30","modified_gmt":"2024-11-01T16:56:30","slug":"my-research","status":"publish","type":"page","link":"http:\/\/luishmoreno.com\/?page_id=9","title":{"rendered":"Research"},"content":{"rendered":"<p><a href=\"http:\/\/luishmoreno.com\/?attachment_id=2313\" rel=\"attachment wp-att-2313\"><img data-attachment-id=\"2313\" data-permalink=\"http:\/\/luishmoreno.com\/?attachment_id=2313\" data-orig-file=\"https:\/\/i0.wp.com\/luishmoreno.com\/wp-content\/uploads\/2019\/07\/5753519890_88d057bf69_o.jpg?fit=612%2C612\" data-orig-size=\"612,612\" data-comments-opened=\"0\" data-image-meta=\"{&quot;aperture&quot;:&quot;2.8&quot;,&quot;credit&quot;:&quot;&quot;,&quot;camera&quot;:&quot;iPhone&quot;,&quot;caption&quot;:&quot;&quot;,&quot;created_timestamp&quot;:&quot;1306180419&quot;,&quot;copyright&quot;:&quot;&quot;,&quot;focal_length&quot;:&quot;0&quot;,&quot;iso&quot;:&quot;0&quot;,&quot;shutter_speed&quot;:&quot;0&quot;,&quot;title&quot;:&quot;&quot;,&quot;orientation&quot;:&quot;1&quot;}\" data-image-title=\"5753519890_88d057bf69_o\" data-image-description=\"\" data-image-caption=\"\" data-medium-file=\"https:\/\/i0.wp.com\/luishmoreno.com\/wp-content\/uploads\/2019\/07\/5753519890_88d057bf69_o.jpg?fit=300%2C300\" data-large-file=\"https:\/\/i0.wp.com\/luishmoreno.com\/wp-content\/uploads\/2019\/07\/5753519890_88d057bf69_o.jpg?fit=612%2C612\" decoding=\"async\" loading=\"lazy\" class=\"alignnone size-full wp-image-2313\" src=\"https:\/\/i0.wp.com\/luishmoreno.com\/wp-content\/uploads\/2019\/07\/5753519890_88d057bf69_o.jpg?resize=612%2C612\" alt=\"\" width=\"612\" height=\"612\" srcset=\"https:\/\/i0.wp.com\/luishmoreno.com\/wp-content\/uploads\/2019\/07\/5753519890_88d057bf69_o.jpg?w=612 612w, https:\/\/i0.wp.com\/luishmoreno.com\/wp-content\/uploads\/2019\/07\/5753519890_88d057bf69_o.jpg?resize=150%2C150 150w, https:\/\/i0.wp.com\/luishmoreno.com\/wp-content\/uploads\/2019\/07\/5753519890_88d057bf69_o.jpg?resize=300%2C300 300w\" sizes=\"(max-width: 612px) 100vw, 612px\" data-recalc-dims=\"1\" \/><\/a><\/p>\n<p><strong>RESEARCH PEDAGOGY<\/strong><\/p>\n<p>Writing history is a political act. Every word or sentence put on paper is shaped by our experiences, interactions, and understanding of the world around us. As Mexicans, our history within the broader context of United States history has been interpreted in various ways. Some interpretations have portrayed Mexicans as outsiders, bandits, and savages. Conversely, Chicano and Mexican historians and scholars have challenged these views by emphasizing the crucial role Mexicans have played in the development of the United States.<\/p>\n<p>In this context, my research pedagogy within the field of Chicano\/Latino Studies and History focuses on creating a counter-narrative around labor, migration, and activism. This approach has led me to examine the history of working-class Mexicans in California and Ohio, particularly through oral histories of farmworkers, their families, union organizers, and community activists who have fought for a better quality of life.<\/p>\n<p><span style=\"color: #000000;\"><strong>WORK IN PROGRESS<\/strong><\/span><\/p>\n<p><em>Searching For Memories In La Colonia: Migration, Labor, And Activism In Oxnard, California, 1930-1980 <\/em>(Manuscript)<\/p>\n<p><em>&#8220;Aliens <\/em>In Ohio: Constructing The Narrative Of Mexicans In The Midwest&#8221; (Article)<\/p>\n<p>&#8220;We Want Justice!: Latino Students\u2019 Activism In Northwest Ohio&#8221; (Article)<\/p>\n<p>&#8220;Proposition 187 Generation: Reflection On My Activism And Pedagogy In Oxnard, California&#8221; (Book Chapter)<\/p>\n<p><strong><span style=\"color: #000000;\">PUBLISHED WORK<\/span><\/strong><\/p>\n<p><span style=\"color: #000000;\">\u201cChicano Communists and the Struggle for Social Justice.\u201d <em>Western Historical Quarterly<\/em>, Vol. 51, no. 2 (Summer 2020)<\/span><\/p>\n<p><span style=\"color: #000000;\">\u201cThey Should Stay There: The Story of Mexican Migration and Repatriation during the Great Depression.\u201d <em>Agricultural History<\/em>, Vol. 93, no. 2 (Spring 2019).<\/span><\/p>\n<p><span style=\"color: #000000;\">\u201cDelano Grape Strike and the United Farm Workers Movement.\u201d In <em><a href=\"https:\/\/publisher.abc-clio.com\/9781440837630\/\" target=\"_blank\" rel=\"noopener noreferrer\">50 Events that Shaped Latino History: An Encyclopedia of the American Mosaic, Vol. II<\/a>, <\/em>ed. Lilia Fern\u00e1ndez. ABC-CLIO, 2018.<\/span><\/p>\n<p><span style=\"color: #000000;\">\u201cAnother Point of View: Chapter 6 \u2013 Affirmative Action.\u201d In <a href=\"https:\/\/publisher.abc-clio.com\/9781440853234\/\" target=\"_blank\" rel=\"noopener noreferrer\"><em>U.S. Latino Issues<\/em>, 2<sup>nd<\/sup> Edition<\/a>, ed. Rodolfo Acun\u0303a, ABC-CLIO, 2017.<\/span><\/p>\n<p><span style=\"color: #000000;\">\u201cWhere Are All Of The Latina\/os?: Teaching Latina\/o Studies In The Midwest.\u201d In <a href=\"https:\/\/products.abc-clio.com\/abc-cliocorporate\/product.aspx?pc=A4424C\" target=\"_blank\" rel=\"noopener noreferrer\"><em>White Washing American Education: The New Culture Wars In Ethnic\u00a0Studies<\/em><\/a>, eds. Denise Sandoval, et al., ABC-CLIO, 2016.<\/span><\/p>\n<p><span style=\"color: #000000;\">\u201cRows of Memory.\u201d <em>Western American Literature<\/em>, Vol. 50, no. 1 (Spring 2015).<\/span><\/p>\n<p><span style=\"color: #000000;\">\u201cMexican American Working-Class Activism.\u201d <em>Journal of American Ethnic History<\/em>, Vol. 34, no. 1 (Fall 2014): 101-104.<\/span><\/p>\n<p><span style=\"color: #000000;\">\u201c\u00a1Ya Basta! The Struggle For Justice And Equality: The Chicano Power Movement in Oxnard, California.\u201d In <a href=\"https:\/\/www.routledge.com\/The-Chicano-Movement-Perspectives-from-the-Twenty-First-Century\/Garcia\/p\/book\/9780415833097\" target=\"_blank\" rel=\"noopener noreferrer\"><em>The Chicano Movement: Perspectives From The Twenty-First Century<\/em><\/a>, ed. Mario T. Garcia. New York: Routledge, 2014.<\/span><\/p>\n<p><strong><em>c\/s<\/em><\/strong><\/p>\n","protected":false},"excerpt":{"rendered":"<a href=\"http:\/\/luishmoreno.com\/?page_id=9\" rel=\"bookmark\" title=\"Permalink to Research\"><p>RESEARCH PEDAGOGY Writing history is a political act. Every word or sentence put on paper is shaped by our experiences, interactions, and understanding of the world around us. As Mexicans, our history within the broader context of United States history has been interpreted in various ways. Some interpretations have portrayed Mexicans as outsiders, bandits, and [&hellip;]<\/p>\n<\/a>","protected":false},"author":1,"featured_media":0,"parent":0,"menu_order":0,"comment_status":"closed","ping_status":"closed","template":"","meta":{"jetpack_post_was_ever_published":false},"jetpack_sharing_enabled":true,"jetpack_shortlink":"https:\/\/wp.me\/P6ibJA-9","jetpack-related-posts":[{"id":11,"url":"http:\/\/luishmoreno.com\/?page_id=11","url_meta":{"origin":9,"position":0},"title":"Teaching","date":"September 10, 2011","format":false,"excerpt":"TEACHING PEDAGOGY My pedagogy uses history to teach students critical thinking, rhetoric, and writing skills. My educational and teaching background is rooted in the interdisciplinary field of Chicano\/Latino Studies, with a focus on Chicano\/Latino history. This background enables me to incorporate aspects of history, education, culture, labor, and migration into\u2026","rel":"","context":"Similar post","img":{"alt_text":"","src":"https:\/\/i0.wp.com\/luishmoreno.com\/wp-content\/uploads\/2019\/07\/5752972651_28ffec66d4_o.jpg?resize=350%2C200","width":350,"height":200},"classes":[]},{"id":160,"url":"http:\/\/luishmoreno.com\/?page_id=160","url_meta":{"origin":9,"position":1},"title":"About Me","date":"October 4, 2010","format":false,"excerpt":"BIO I\u2019m one of the first in the nation (and world) to earn a Ph.D. in Chicano\/Latino Studies! I received my Ph.D. in Chicano\/Latino Studies from Michigan State University (2012). Also, I have an M.A. in Chicana\/o Studies from California State University, Northridge (2007). My research focuses on labor, migration,\u2026","rel":"","context":"Similar post","img":{"alt_text":"","src":"https:\/\/i0.wp.com\/luishmoreno.com\/wp-content\/uploads\/2019\/07\/5753518278_6bf9e7f51f_o.jpg?resize=350%2C200","width":350,"height":200},"classes":[]},{"id":2474,"url":"http:\/\/luishmoreno.com\/?page_id=2474","url_meta":{"origin":9,"position":2},"title":"Committee On Raza Rights (CRR)","date":"November 27, 2022","format":false,"excerpt":"The Legacy of Educating, Organizing, and Agitating: 1995-2015 In 1994, a movement for self-determination emerged at local high schools and community colleges on the Oxnard Plain. This initiative was spearheaded by a new generation of organizers and activists committed to revealing the contradictions inherent in colonialism, capitalism, and imperialism. In\u2026","rel":"","context":"Similar post","img":{"alt_text":"","src":"https:\/\/i0.wp.com\/luishmoreno.com\/wp-content\/uploads\/2022\/11\/01.jpg?resize=350%2C200","width":350,"height":200},"classes":[]},{"id":2514,"url":"http:\/\/luishmoreno.com\/?page_id=2514","url_meta":{"origin":9,"position":3},"title":"Ernesto Bustillos","date":"April 14, 2023","format":false,"excerpt":"March 2, 1951 \u2013 March 26, 2012 MEXICAN LIBERATION WARRIOR & RAZA REVOLUTIONARY By Pablo Aceves Ernesto Bustillos was raised and came of age in Barrio Logan and among the Raza working class of San Diego. From a very early age, Chairman Neto- as he came to be known beloved\u2026","rel":"","context":"Similar post","img":{"alt_text":"","src":"https:\/\/i0.wp.com\/luishmoreno.com\/wp-content\/uploads\/2024\/11\/2012_NetoPoster_2012-190x300.jpg?resize=350%2C200","width":350,"height":200},"classes":[]},{"id":2516,"url":"http:\/\/luishmoreno.com\/?page_id=2516","url_meta":{"origin":9,"position":4},"title":"Pablo Aceves","date":"April 14, 2023","format":false,"excerpt":"San Diego, September 29, 2018 To the General Membership of Uni\u00f3n del Barrio,To the Mexican People,To our Allies,To all Friends of the Liberation Struggle for Nuestra Am\u00e9rica, It is with great pain and a heavy heart that Uni\u00f3n del Barrio informs the Raza Liberation Movement and its supporters that we\u2026","rel":"","context":"Similar post","img":{"alt_text":"","src":"https:\/\/i0.wp.com\/luishmoreno.com\/wp-content\/uploads\/2024\/11\/Pablo_LaOtraTijuana2006-256x300.jpg?resize=350%2C200","width":350,"height":200},"classes":[]}],"_links":{"self":[{"href":"http:\/\/luishmoreno.com\/index.php?rest_route=\/wp\/v2\/pages\/9"}],"collection":[{"href":"http:\/\/luishmoreno.com\/index.php?rest_route=\/wp\/v2\/pages"}],"about":[{"href":"http:\/\/luishmoreno.com\/index.php?rest_route=\/wp\/v2\/types\/page"}],"author":[{"embeddable":true,"href":"http:\/\/luishmoreno.com\/index.php?rest_route=\/wp\/v2\/users\/1"}],"replies":[{"embeddable":true,"href":"http:\/\/luishmoreno.com\/index.php?rest_route=%2Fwp%2Fv2%2Fcomments&post=9"}],"version-history":[{"count":62,"href":"http:\/\/luishmoreno.com\/index.php?rest_route=\/wp\/v2\/pages\/9\/revisions"}],"predecessor-version":[{"id":2545,"href":"http:\/\/luishmoreno.com\/index.php?rest_route=\/wp\/v2\/pages\/9\/revisions\/2545"}],"wp:attachment":[{"href":"http:\/\/luishmoreno.com\/index.php?rest_route=%2Fwp%2Fv2%2Fmedia&parent=9"}],"curies":[{"name":"wp","href":"https:\/\/api.w.org\/{rel}","templated":true}]}}