{"id":2516,"date":"2023-04-14T09:56:52","date_gmt":"2023-04-14T16:56:52","guid":{"rendered":"http:\/\/luishmoreno.com\/?page_id=2516"},"modified":"2024-11-03T13:15:15","modified_gmt":"2024-11-03T20:15:15","slug":"pablo-aceves","status":"publish","type":"page","link":"http:\/\/luishmoreno.com\/?page_id=2516","title":{"rendered":"Pablo Aceves"},"content":{"rendered":"<p><a href=\"http:\/\/luishmoreno.com\/?attachment_id=2616\" rel=\"attachment wp-att-2616\"><img data-attachment-id=\"2616\" data-permalink=\"http:\/\/luishmoreno.com\/?attachment_id=2616\" data-orig-file=\"https:\/\/i0.wp.com\/luishmoreno.com\/wp-content\/uploads\/2024\/11\/Pablo_LaOtraTijuana2006.jpg?fit=427%2C501\" data-orig-size=\"427,501\" data-comments-opened=\"0\" data-image-meta=\"{&quot;aperture&quot;:&quot;6.7&quot;,&quot;credit&quot;:&quot;&quot;,&quot;camera&quot;:&quot;5MP-9A3&quot;,&quot;caption&quot;:&quot;Digital StillCamera&quot;,&quot;created_timestamp&quot;:&quot;1042892167&quot;,&quot;copyright&quot;:&quot;&quot;,&quot;focal_length&quot;:&quot;0&quot;,&quot;iso&quot;:&quot;100&quot;,&quot;shutter_speed&quot;:&quot;0.004&quot;,&quot;title&quot;:&quot;Digital StillCamera&quot;,&quot;orientation&quot;:&quot;1&quot;}\" data-image-title=\"\" data-image-description=\"\" data-image-caption=\"\" data-medium-file=\"https:\/\/i0.wp.com\/luishmoreno.com\/wp-content\/uploads\/2024\/11\/Pablo_LaOtraTijuana2006.jpg?fit=256%2C300\" data-large-file=\"https:\/\/i0.wp.com\/luishmoreno.com\/wp-content\/uploads\/2024\/11\/Pablo_LaOtraTijuana2006.jpg?fit=427%2C501\" decoding=\"async\" loading=\"lazy\" class=\"aligncenter wp-image-2616\" src=\"https:\/\/i0.wp.com\/luishmoreno.com\/wp-content\/uploads\/2024\/11\/Pablo_LaOtraTijuana2006.jpg?resize=426%2C500\" alt=\"\" width=\"426\" height=\"500\" srcset=\"https:\/\/i0.wp.com\/luishmoreno.com\/wp-content\/uploads\/2024\/11\/Pablo_LaOtraTijuana2006.jpg?resize=256%2C300 256w, https:\/\/i0.wp.com\/luishmoreno.com\/wp-content\/uploads\/2024\/11\/Pablo_LaOtraTijuana2006.jpg?w=427 427w\" sizes=\"(max-width: 426px) 100vw, 426px\" data-recalc-dims=\"1\" \/><\/a><\/p>\n<p><strong>San Diego, September 29, 2018<\/strong><\/p>\n<p><strong>To the General Membership of Uni\u00f3n del Barrio,<\/strong><br \/><strong>To the Mexican People,<\/strong><br \/><strong>To our Allies,<\/strong><br \/><strong>To all Friends of the Liberation Struggle for Nuestra Am\u00e9rica,<\/strong><\/p>\n<p>It is with great pain and a heavy heart that Uni\u00f3n del Barrio informs the Raza Liberation Movement and its supporters that we have lost a leader of our struggle. Pablo Aceves, a leading member of Uni\u00f3n del Barrio whose combative spirit would inspire all generations of unionistas, lost his last fight to a sudden medical emergency.<\/p>\n<p>Pablo committed 31 years of his life to the organization and to the movimiento he loved so dearly. He made his raised fist and booming voice unmistakable elements at every political event he attended. He was a person of unwavering political principles, and an uncompromisingly dedicated fighter on the side of the poor, the exploited, and the oppressed the world over.<\/p>\n<p>Pablo was an important political force within Uni\u00f3n del Barrio. At the time of his passing, he was the longest actively serving member within the organization. Over the years he fulfilled multiple roles, most notably as a member of the Central Committee. He was currently fulfilling the role of Political Secretary of Base Celia S\u00e1nchez.<\/p>\n<p>Pablo\u2019s spirit of struggle motivated movement people, and he advanced the struggle for raza self-determination and liberation everyday. He never relented, even until his last day. Suffering from severe chest pain while at work Friday morning, compa\u00f1ero Pablo passed away at 1:04 am Saturday morning after a long and difficult surgical procedure failed to stop his internal bleeding. Pablo was 50 years old.<\/p>\n<p>At the time of his passing, Pablo was surrounded by family, friends, and comrades. He will be terribly missed within the ranks of Uni\u00f3n del Barrio and within our liberation struggle. But he will live on, as we honor his legacy and his contributions to the raza struggle for Self-Determination, National Liberation, and Socialism.<\/p>\n<p>We intend to collectively honor comrade Pablo. As funeral arrangements are established, Uni\u00f3n del Barrio will announce the services.<\/p>\n<p><strong>PABLO ACEVES<\/strong><\/p>\n<p><strong>\u00a1PRESENTE \u2013 AHORA Y SIEMPRE!<\/strong><\/p>\n<p><strong>Comit\u00e9 Central,<\/strong><br \/><strong>Uni\u00f3n del Barrio<\/strong><\/p>\n\n\n<p><\/p>\n","protected":false},"excerpt":{"rendered":"<a href=\"http:\/\/luishmoreno.com\/?page_id=2516\" rel=\"bookmark\" title=\"Permalink to Pablo Aceves\"><p>San Diego, September 29, 2018 To the General Membership of Uni\u00f3n del Barrio,To the Mexican People,To our Allies,To all Friends of the Liberation Struggle for Nuestra Am\u00e9rica, It is with great pain and a heavy heart that Uni\u00f3n del Barrio informs the Raza Liberation Movement and its supporters that we have lost a leader of [&hellip;]<\/p>\n<\/a>","protected":false},"author":1,"featured_media":0,"parent":2499,"menu_order":0,"comment_status":"closed","ping_status":"closed","template":"","meta":{"jetpack_post_was_ever_published":false},"jetpack_sharing_enabled":true,"jetpack_shortlink":"https:\/\/wp.me\/P6ibJA-EA","jetpack-related-posts":[{"id":2514,"url":"http:\/\/luishmoreno.com\/?page_id=2514","url_meta":{"origin":2516,"position":0},"title":"Ernesto Bustillos","date":"April 14, 2023","format":false,"excerpt":"March 2, 1951 \u2013 March 26, 2012 MEXICAN LIBERATION WARRIOR & RAZA REVOLUTIONARY By Pablo Aceves Ernesto Bustillos was raised and came of age in Barrio Logan and among the Raza working class of San Diego. From a very early age, Chairman Neto- as he came to be known beloved\u2026","rel":"","context":"Similar post","img":{"alt_text":"","src":"https:\/\/i0.wp.com\/luishmoreno.com\/wp-content\/uploads\/2024\/11\/2012_NetoPoster_2012-190x300.jpg?resize=350%2C200","width":350,"height":200},"classes":[]},{"id":2499,"url":"http:\/\/luishmoreno.com\/?page_id=2499","url_meta":{"origin":2516,"position":1},"title":"Raza Press and Media Association (RPMA)","date":"April 14, 2023","format":false,"excerpt":"1991-2018 The primary objective of the Raza Press and Media Association (RPMA) is to advance the struggle for Raza self-determination by promoting and unifying the progressive Raza press, media, and popular expression. A key part of this process involves confronting the stereotypes perpetuated by the U.S. mainstream media and press.\u2026","rel":"","context":"Similar post","img":{"alt_text":"","src":"https:\/\/i0.wp.com\/luishmoreno.com\/wp-content\/uploads\/2024\/11\/fist02.jpg?resize=350%2C200","width":350,"height":200},"classes":[]},{"id":2474,"url":"http:\/\/luishmoreno.com\/?page_id=2474","url_meta":{"origin":2516,"position":2},"title":"Committee On Raza Rights (CRR)","date":"November 27, 2022","format":false,"excerpt":"The Legacy of Educating, Organizing, and Agitating: 1995-2015 In 1994, a movement for self-determination emerged at local high schools and community colleges on the Oxnard Plain. This initiative was spearheaded by a new generation of organizers and activists committed to revealing the contradictions inherent in colonialism, capitalism, and imperialism. In\u2026","rel":"","context":"Similar post","img":{"alt_text":"","src":"https:\/\/i0.wp.com\/luishmoreno.com\/wp-content\/uploads\/2022\/11\/01.jpg?resize=350%2C200","width":350,"height":200},"classes":[]},{"id":2504,"url":"http:\/\/luishmoreno.com\/?page_id=2504","url_meta":{"origin":2516,"position":3},"title":"Radio Free Aztl\u00e1n","date":"April 14, 2023","format":false,"excerpt":"PODCAST #1 | FEB 25, 2010 HOSTED BY: Ernesto James Mireles PRODUCED BY: Luis Moreno PODCAST #2 | MAR 23, 2010 HOSTED BY: Ernesto Todd Mireles GUESTS: Elva Castilla-Reyes and Maria Garcia PRODUCED BY: Luis Moreno PODCAST #3 | MAR 24, 2010 HOSTED BY: Ernesto James Mireles PRODUCED BY: Luis\u2026","rel":"","context":"Similar post","img":{"alt_text":"","src":"","width":0,"height":0},"classes":[]},{"id":9,"url":"http:\/\/luishmoreno.com\/?page_id=9","url_meta":{"origin":2516,"position":4},"title":"Research","date":"September 10, 2011","format":false,"excerpt":"RESEARCH PEDAGOGY Writing history is a political act. Every word or sentence put on paper is shaped by our experiences, interactions, and understanding of the world around us. As Mexicans, our history within the broader context of United States history has been interpreted in various ways. Some interpretations have portrayed\u2026","rel":"","context":"Similar post","img":{"alt_text":"","src":"https:\/\/i0.wp.com\/luishmoreno.com\/wp-content\/uploads\/2019\/07\/5753519890_88d057bf69_o.jpg?resize=350%2C200","width":350,"height":200},"classes":[]}],"_links":{"self":[{"href":"http:\/\/luishmoreno.com\/index.php?rest_route=\/wp\/v2\/pages\/2516"}],"collection":[{"href":"http:\/\/luishmoreno.com\/index.php?rest_route=\/wp\/v2\/pages"}],"about":[{"href":"http:\/\/luishmoreno.com\/index.php?rest_route=\/wp\/v2\/types\/page"}],"author":[{"embeddable":true,"href":"http:\/\/luishmoreno.com\/index.php?rest_route=\/wp\/v2\/users\/1"}],"replies":[{"embeddable":true,"href":"http:\/\/luishmoreno.com\/index.php?rest_route=%2Fwp%2Fv2%2Fcomments&post=2516"}],"version-history":[{"count":4,"href":"http:\/\/luishmoreno.com\/index.php?rest_route=\/wp\/v2\/pages\/2516\/revisions"}],"predecessor-version":[{"id":2622,"href":"http:\/\/luishmoreno.com\/index.php?rest_route=\/wp\/v2\/pages\/2516\/revisions\/2622"}],"up":[{"embeddable":true,"href":"http:\/\/luishmoreno.com\/index.php?rest_route=\/wp\/v2\/pages\/2499"}],"wp:attachment":[{"href":"http:\/\/luishmoreno.com\/index.php?rest_route=%2Fwp%2Fv2%2Fmedia&parent=2516"}],"curies":[{"name":"wp","href":"https:\/\/api.w.org\/{rel}","templated":true}]}}