{"id":2499,"date":"2023-04-14T07:03:23","date_gmt":"2023-04-14T14:03:23","guid":{"rendered":"http:\/\/luishmoreno.com\/?page_id=2499"},"modified":"2024-11-03T14:11:47","modified_gmt":"2024-11-03T21:11:47","slug":"raza-press-and-media-association-rpma","status":"publish","type":"page","link":"http:\/\/luishmoreno.com\/?page_id=2499","title":{"rendered":"Raza Press and Media Association (RPMA)"},"content":{"rendered":"<p><a href=\"http:\/\/luishmoreno.com\/?attachment_id=2607\" rel=\"attachment wp-att-2607\"><img data-attachment-id=\"2607\" data-permalink=\"http:\/\/luishmoreno.com\/?attachment_id=2607\" data-orig-file=\"https:\/\/i0.wp.com\/luishmoreno.com\/wp-content\/uploads\/2024\/11\/fist02.jpg?fit=500%2C288\" data-orig-size=\"500,288\" data-comments-opened=\"0\" data-image-meta=\"{&quot;aperture&quot;:&quot;0&quot;,&quot;credit&quot;:&quot;&quot;,&quot;camera&quot;:&quot;&quot;,&quot;caption&quot;:&quot;&quot;,&quot;created_timestamp&quot;:&quot;0&quot;,&quot;copyright&quot;:&quot;&quot;,&quot;focal_length&quot;:&quot;0&quot;,&quot;iso&quot;:&quot;0&quot;,&quot;shutter_speed&quot;:&quot;0&quot;,&quot;title&quot;:&quot;&quot;,&quot;orientation&quot;:&quot;1&quot;}\" data-image-title=\"fist02\" data-image-description=\"\" data-image-caption=\"\" data-medium-file=\"https:\/\/i0.wp.com\/luishmoreno.com\/wp-content\/uploads\/2024\/11\/fist02.jpg?fit=300%2C173\" data-large-file=\"https:\/\/i0.wp.com\/luishmoreno.com\/wp-content\/uploads\/2024\/11\/fist02.jpg?fit=500%2C288\" decoding=\"async\" loading=\"lazy\" class=\"aligncenter size-full wp-image-2607\" src=\"https:\/\/i0.wp.com\/luishmoreno.com\/wp-content\/uploads\/2024\/11\/fist02.jpg?resize=500%2C288\" alt=\"\" width=\"500\" height=\"288\" srcset=\"https:\/\/i0.wp.com\/luishmoreno.com\/wp-content\/uploads\/2024\/11\/fist02.jpg?w=500 500w, https:\/\/i0.wp.com\/luishmoreno.com\/wp-content\/uploads\/2024\/11\/fist02.jpg?resize=300%2C173 300w\" sizes=\"(max-width: 500px) 100vw, 500px\" data-recalc-dims=\"1\" \/><\/a><\/p>\n<h2 style=\"text-align: center;\"><span style=\"color: #ff0000;\"><strong>1991-2018<\/strong><\/span><\/h2>\n<p><em>The primary objective of the Raza Press and Media Association (RPMA) is to advance the struggle for Raza self-determination by promoting and unifying the progressive Raza press, media, and popular expression. A key part of this process involves confronting the stereotypes perpetuated by the U.S. mainstream media and press.<\/em><\/p>\n<p><em>The RPMA is dedicated to combating all forms of oppression and exploitation. To achieve our goals, RPMA members will actively participate in the daily struggles of our movement and our community. As part of this activism, the RPMA is committed to organizing study sessions and forums, giving presentations, and distributing information and publications to help raise the political consciousness of our people.<\/em><\/p>\n<h3>\u00a0<\/h3>\n<h3 style=\"text-align: center;\"><a href=\"http:\/\/luishmoreno.com\/?page_id=2514\">Ernesto Bustillos<\/a> | <a href=\"http:\/\/luishmoreno.com\/?page_id=2516\">Pablo Aceves<\/a><\/h3>\n<h3 style=\"text-align: center;\"><a href=\"http:\/\/luishmoreno.com\/?page_id=2512\">Guerrillera\/os de la Pluma<\/a> | <a href=\"http:\/\/luishmoreno.com\/?page_id=2502\">Podcasts<\/a><\/h3>\n<p>\u00a0<\/p>\n<p style=\"text-align: center;\"><em><strong>c\/s<\/strong><\/em><\/p>\n\n\n<p><\/p>\n","protected":false},"excerpt":{"rendered":"<a href=\"http:\/\/luishmoreno.com\/?page_id=2499\" rel=\"bookmark\" title=\"Permalink to Raza Press and Media Association (RPMA)\"><p>1991-2018 The primary objective of the Raza Press and Media Association (RPMA) is to advance the struggle for Raza self-determination by promoting and unifying the progressive Raza press, media, and popular expression. A key part of this process involves confronting the stereotypes perpetuated by the U.S. mainstream media and press. The RPMA is dedicated to [&hellip;]<\/p>\n<\/a>","protected":false},"author":1,"featured_media":0,"parent":0,"menu_order":0,"comment_status":"closed","ping_status":"closed","template":"","meta":{"jetpack_post_was_ever_published":false},"jetpack_sharing_enabled":true,"jetpack_shortlink":"https:\/\/wp.me\/P6ibJA-Ej","jetpack-related-posts":[{"id":2512,"url":"http:\/\/luishmoreno.com\/?page_id=2512","url_meta":{"origin":2499,"position":0},"title":"Guerrillera\/os de la Pluma","date":"April 14, 2023","format":false,"excerpt":"","rel":"","context":"Similar post","img":{"alt_text":"","src":"","width":0,"height":0},"classes":[]},{"id":2502,"url":"http:\/\/luishmoreno.com\/?page_id=2502","url_meta":{"origin":2499,"position":1},"title":"Podcast","date":"April 14, 2023","format":false,"excerpt":"Radio Lucha is composed of a monthly podcast of \u00a1Q-vole Raza! and Radio Freedom. Also, includes past podcasts of the Xicano Development Center's Radio Free Aztlan.","rel":"","context":"Similar post","img":{"alt_text":"","src":"","width":0,"height":0},"classes":[]},{"id":2516,"url":"http:\/\/luishmoreno.com\/?page_id=2516","url_meta":{"origin":2499,"position":2},"title":"Pablo Aceves","date":"April 14, 2023","format":false,"excerpt":"San Diego, September 29, 2018 To the General Membership of Uni\u00f3n del Barrio,To the Mexican People,To our Allies,To all Friends of the Liberation Struggle for Nuestra Am\u00e9rica, It is with great pain and a heavy heart that Uni\u00f3n del Barrio informs the Raza Liberation Movement and its supporters that we\u2026","rel":"","context":"Similar post","img":{"alt_text":"","src":"https:\/\/i0.wp.com\/luishmoreno.com\/wp-content\/uploads\/2024\/11\/Pablo_LaOtraTijuana2006-256x300.jpg?resize=350%2C200","width":350,"height":200},"classes":[]},{"id":2514,"url":"http:\/\/luishmoreno.com\/?page_id=2514","url_meta":{"origin":2499,"position":3},"title":"Ernesto Bustillos","date":"April 14, 2023","format":false,"excerpt":"March 2, 1951 \u2013 March 26, 2012 MEXICAN LIBERATION WARRIOR & RAZA REVOLUTIONARY By Pablo Aceves Ernesto Bustillos was raised and came of age in Barrio Logan and among the Raza working class of San Diego. From a very early age, Chairman Neto- as he came to be known beloved\u2026","rel":"","context":"Similar post","img":{"alt_text":"","src":"https:\/\/i0.wp.com\/luishmoreno.com\/wp-content\/uploads\/2024\/11\/2012_NetoPoster_2012-190x300.jpg?resize=350%2C200","width":350,"height":200},"classes":[]},{"id":2504,"url":"http:\/\/luishmoreno.com\/?page_id=2504","url_meta":{"origin":2499,"position":4},"title":"Radio Free Aztl\u00e1n","date":"April 14, 2023","format":false,"excerpt":"PODCAST #1 | FEB 25, 2010 HOSTED BY: Ernesto James Mireles PRODUCED BY: Luis Moreno PODCAST #2 | MAR 23, 2010 HOSTED BY: Ernesto Todd Mireles GUESTS: Elva Castilla-Reyes and Maria Garcia PRODUCED BY: Luis Moreno PODCAST #3 | MAR 24, 2010 HOSTED BY: Ernesto James Mireles PRODUCED BY: Luis\u2026","rel":"","context":"Similar post","img":{"alt_text":"","src":"","width":0,"height":0},"classes":[]},{"id":2474,"url":"http:\/\/luishmoreno.com\/?page_id=2474","url_meta":{"origin":2499,"position":5},"title":"Committee On Raza Rights (CRR)","date":"November 27, 2022","format":false,"excerpt":"The Legacy of Educating, Organizing, and Agitating: 1995-2015 In 1994, a movement for self-determination emerged at local high schools and community colleges on the Oxnard Plain. This initiative was spearheaded by a new generation of organizers and activists committed to revealing the contradictions inherent in colonialism, capitalism, and imperialism. In\u2026","rel":"","context":"Similar post","img":{"alt_text":"","src":"https:\/\/i0.wp.com\/luishmoreno.com\/wp-content\/uploads\/2022\/11\/01.jpg?resize=350%2C200","width":350,"height":200},"classes":[]}],"_links":{"self":[{"href":"http:\/\/luishmoreno.com\/index.php?rest_route=\/wp\/v2\/pages\/2499"}],"collection":[{"href":"http:\/\/luishmoreno.com\/index.php?rest_route=\/wp\/v2\/pages"}],"about":[{"href":"http:\/\/luishmoreno.com\/index.php?rest_route=\/wp\/v2\/types\/page"}],"author":[{"embeddable":true,"href":"http:\/\/luishmoreno.com\/index.php?rest_route=\/wp\/v2\/users\/1"}],"replies":[{"embeddable":true,"href":"http:\/\/luishmoreno.com\/index.php?rest_route=%2Fwp%2Fv2%2Fcomments&post=2499"}],"version-history":[{"count":15,"href":"http:\/\/luishmoreno.com\/index.php?rest_route=\/wp\/v2\/pages\/2499\/revisions"}],"predecessor-version":[{"id":2627,"href":"http:\/\/luishmoreno.com\/index.php?rest_route=\/wp\/v2\/pages\/2499\/revisions\/2627"}],"wp:attachment":[{"href":"http:\/\/luishmoreno.com\/index.php?rest_route=%2Fwp%2Fv2%2Fmedia&parent=2499"}],"curies":[{"name":"wp","href":"https:\/\/api.w.org\/{rel}","templated":true}]}}